{"id":82,"date":"2016-12-10T14:12:05","date_gmt":"2016-12-10T14:12:05","guid":{"rendered":"https:\/\/lofthuscamping.com\/?page_id=82"},"modified":"2025-10-28T07:53:08","modified_gmt":"2025-10-28T07:53:08","slug":"priser","status":"publish","type":"page","link":"https:\/\/lofthuscamping.com\/en\/priser\/","title":{"rendered":"Prices"},"content":{"rendered":"<div data-elementor-type=\"wp-page\" data-elementor-id=\"82\" class=\"elementor elementor-82\" data-elementor-post-type=\"page\">\n\t\t\t\t\t\t<section class=\"elementor-section elementor-top-section elementor-element elementor-element-25b2c342 elementor-section-boxed elementor-section-height-default elementor-section-height-default\" data-id=\"25b2c342\" data-element_type=\"section\" data-e-type=\"section\">\n\t\t\t\t\t\t<div class=\"elementor-container elementor-column-gap-default\">\n\t\t\t\t\t<div class=\"elementor-column elementor-col-100 elementor-top-column elementor-element elementor-element-56ae2780\" data-id=\"56ae2780\" data-element_type=\"column\" data-e-type=\"column\">\n\t\t\t<div class=\"elementor-widget-wrap elementor-element-populated\">\n\t\t\t\t\t\t<div class=\"elementor-element elementor-element-04a38bb elementor-widget elementor-widget-heading\" data-id=\"04a38bb\" data-element_type=\"widget\" data-e-type=\"widget\" data-widget_type=\"heading.default\">\n\t\t\t\t<div class=\"elementor-widget-container\">\n\t\t\t\t\t<h2 class=\"elementor-heading-title elementor-size-default\">Family Cabins<\/h2>\t\t\t\t<\/div>\n\t\t\t\t<\/div>\n\t\t\t\t<div class=\"elementor-element elementor-element-8653b4d elementor-widget elementor-widget-text-editor\" data-id=\"8653b4d\" data-element_type=\"widget\" data-e-type=\"widget\" data-widget_type=\"text-editor.default\">\n\t\t\t\t<div class=\"elementor-widget-container\">\n\t\t\t\t\t\t\t\t\t<p>H\u00f8ysesong kr 2885,- Lavsesong kr 2225,- (Hund ikke tillatt)<\/p>\t\t\t\t\t\t\t\t<\/div>\n\t\t\t\t<\/div>\n\t\t\t\t<div class=\"elementor-element elementor-element-0facb66 elementor-widget elementor-widget-heading\" data-id=\"0facb66\" data-element_type=\"widget\" data-e-type=\"widget\" data-widget_type=\"heading.default\">\n\t\t\t\t<div class=\"elementor-widget-container\">\n\t\t\t\t\t<h2 class=\"elementor-heading-title elementor-size-default\">Bungalows <\/h2>\t\t\t\t<\/div>\n\t\t\t\t<\/div>\n\t\t\t\t<div class=\"elementor-element elementor-element-f68a3bf elementor-widget elementor-widget-text-editor\" data-id=\"f68a3bf\" data-element_type=\"widget\" data-e-type=\"widget\" data-widget_type=\"text-editor.default\">\n\t\t\t\t<div class=\"elementor-widget-container\">\n\t\t\t\t\t\t\t\t\t<p>H\u00f8ysesong kr 1945,- Lavsesong kr 1430,- (Hund ikke tillatt)<\/p>\t\t\t\t\t\t\t\t<\/div>\n\t\t\t\t<\/div>\n\t\t\t\t<div class=\"elementor-element elementor-element-c68af13 elementor-widget elementor-widget-heading\" data-id=\"c68af13\" data-element_type=\"widget\" data-e-type=\"widget\" data-widget_type=\"heading.default\">\n\t\t\t\t<div class=\"elementor-widget-container\">\n\t\t\t\t\t<h2 class=\"elementor-heading-title elementor-size-default\">4-Bed Cabins<\/h2>\t\t\t\t<\/div>\n\t\t\t\t<\/div>\n\t\t\t\t<div class=\"elementor-element elementor-element-aac62c9 elementor-widget elementor-widget-text-editor\" data-id=\"aac62c9\" data-element_type=\"widget\" data-e-type=\"widget\" data-widget_type=\"text-editor.default\">\n\t\t\t\t<div class=\"elementor-widget-container\">\n\t\t\t\t\t\t\t\t\t<p>H\u00f8ysesong kr 1020,- Lavsesong kr 820,-<\/p>\t\t\t\t\t\t\t\t<\/div>\n\t\t\t\t<\/div>\n\t\t\t\t<div class=\"elementor-element elementor-element-c9e58f7 elementor-widget elementor-widget-heading\" data-id=\"c9e58f7\" data-element_type=\"widget\" data-e-type=\"widget\" data-widget_type=\"heading.default\">\n\t\t\t\t<div class=\"elementor-widget-container\">\n\t\t\t\t\t<h2 class=\"elementor-heading-title elementor-size-default\">2-Bed Cabins<\/h2>\t\t\t\t<\/div>\n\t\t\t\t<\/div>\n\t\t\t\t<div class=\"elementor-element elementor-element-d663b31 elementor-widget elementor-widget-text-editor\" data-id=\"d663b31\" data-element_type=\"widget\" data-e-type=\"widget\" data-widget_type=\"text-editor.default\">\n\t\t\t\t<div class=\"elementor-widget-container\">\n\t\t\t\t\t\t\t\t\t<p class=\"inlinep\">H\u00f8ysesong kr 805,- Lavsesong kr 670,-<\/p><p>High season from June 20 to August 20<\/p><p><strong>All prices are per night.<\/strong><\/p>\t\t\t\t\t\t\t\t<\/div>\n\t\t\t\t<\/div>\n\t\t\t\t<div class=\"elementor-element elementor-element-567d70a elementor-widget elementor-widget-heading\" data-id=\"567d70a\" data-element_type=\"widget\" data-e-type=\"widget\" data-widget_type=\"heading.default\">\n\t\t\t\t<div class=\"elementor-widget-container\">\n\t\t\t\t\t<h2 class=\"elementor-heading-title elementor-size-default\">Other prices<\/h2>\t\t\t\t<\/div>\n\t\t\t\t<\/div>\n\t\t\t\t<div class=\"elementor-element elementor-element-31da151 elementor-widget elementor-widget-text-editor\" data-id=\"31da151\" data-element_type=\"widget\" data-e-type=\"widget\" data-widget_type=\"text-editor.default\">\n\t\t\t\t<div class=\"elementor-widget-container\">\n\t\t\t\t\t\t\t\t\t<p>Bobil opp til 6m: Lavsesong kr 210,- | H\u00f8ysesong kr 245,-\u00a0<br \/>Bobil 7-9m: Lavsesong kr 235,- | H\u00f8ysesong kr.\u00a0 270,-<br \/>Bobil over 9m:\u00a0 Lavsesong kr 305,- | H\u00f8ysesong kr 345,-<br \/>(not possible to reserve)<\/p>\t\t\t\t\t\t\t\t<\/div>\n\t\t\t\t<\/div>\n\t\t\t\t<div class=\"elementor-element elementor-element-c8b9d64 elementor-widget elementor-widget-text-editor\" data-id=\"c8b9d64\" data-element_type=\"widget\" data-e-type=\"widget\" data-widget_type=\"text-editor.default\">\n\t\t\t\t<div class=\"elementor-widget-container\">\n\t\t\t\t\t\t\t\t\t<p>Plass for bil\/telt: 205,-\u00a0 H\u00f8ysesong 225,- (ikke mulig \u00e5 reservere)<\/p><p>Plass for bil\/campingvogn: Lavsesong 255,- H\u00f8ysesong: 305,- (ikke mulig \u00e5 reservere)<br \/>Adult: NOK 45, - Children (4-12 years): NOK 35, -<br \/>Dusj: kr 20,- for 4 minutter\u00a0<br \/>Str\u00f8mtilkopling: kr 125,- pr d\u00f8gn.<br \/>Senget\u00f8y: Kr 175,- pr sett.<\/p><p>H\u00e5ndkle: Kr 75,- pr stk<\/p><p>Utvask: 550,-<\/p><p><a href=\"https:\/\/lofthuscamping.com\/en\/bestill\/\">Contact us<\/a>\u00a0if you have any questions!<\/p>\t\t\t\t\t\t\t\t<\/div>\n\t\t\t\t<\/div>\n\t\t\t\t\t<\/div>\n\t\t<\/div>\n\t\t\t\t\t<\/div>\n\t\t<\/section>\n\t\t\t\t<\/div>","protected":false},"excerpt":{"rendered":"<p>Familiehytter H\u00f8ysesong kr 2885,- Lavsesong kr 2225,- (Hund ikke tillatt) Feriehytter H\u00f8ysesong kr 1945,- Lavsesong kr 1430,- (Hund ikke tillatt) 4-sengs campinghytter H\u00f8ysesong kr 1020,- Lavsesong kr 820,- 2-sengs campinghytter H\u00f8ysesong kr 805,- Lavsesong kr 670,- H\u00f8ysesong fra 20. juni til 20. august Alle priser er pr natt. Andre priser Bobil opp til 6m: Lavsesong [&hellip;]<\/p>\n","protected":false},"author":1,"featured_media":0,"parent":0,"menu_order":0,"comment_status":"closed","ping_status":"closed","template":"","meta":{"footnotes":""},"class_list":["post-82","page","type-page","status-publish","hentry"],"yoast_head":"<!-- This site is optimized with the Yoast SEO plugin v27.4 - https:\/\/yoast.com\/product\/yoast-seo-wordpress\/ -->\n<title>Priser p\u00e5 campingplass, overnatting, hytter, feriehytter, familiehytter og rom<\/title>\n<meta name=\"description\" content=\"Pris p\u00e5 camping, hytter og overnatting i forbindelse med ferie, sommerferie, fotturer, aktiv ferie, bryllup i Hardanger, med fjell, fjord og utsikt.\" \/>\n<meta name=\"robots\" content=\"index, follow, max-snippet:-1, max-image-preview:large, max-video-preview:-1\" \/>\n<link rel=\"canonical\" href=\"https:\/\/lofthuscamping.com\/en\/priser\/\" \/>\n<meta property=\"og:locale\" content=\"en_US\" \/>\n<meta property=\"og:type\" content=\"article\" \/>\n<meta property=\"og:title\" content=\"Priser p\u00e5 campingplass, overnatting, hytter, feriehytter, familiehytter og rom\" \/>\n<meta property=\"og:description\" content=\"Pris p\u00e5 camping, hytter og overnatting i forbindelse med ferie, sommerferie, fotturer, aktiv ferie, bryllup i Hardanger, med fjell, fjord og utsikt.\" \/>\n<meta property=\"og:url\" content=\"https:\/\/lofthuscamping.com\/en\/priser\/\" \/>\n<meta property=\"og:site_name\" content=\"LOFTHUS CAMPING AS\" \/>\n<meta property=\"article:modified_time\" content=\"2025-10-28T07:53:08+00:00\" \/>\n<meta name=\"twitter:card\" content=\"summary_large_image\" \/>\n<meta name=\"twitter:label1\" content=\"Est. reading time\" \/>\n\t<meta name=\"twitter:data1\" content=\"1 minute\" \/>\n<script type=\"application\/ld+json\" class=\"yoast-schema-graph\">{\"@context\":\"https:\\\/\\\/schema.org\",\"@graph\":[{\"@type\":\"WebPage\",\"@id\":\"https:\\\/\\\/lofthuscamping.com\\\/priser\\\/\",\"url\":\"https:\\\/\\\/lofthuscamping.com\\\/priser\\\/\",\"name\":\"Priser p\u00e5 campingplass, overnatting, hytter, feriehytter, familiehytter og rom\",\"isPartOf\":{\"@id\":\"https:\\\/\\\/lofthuscamping.com\\\/#website\"},\"datePublished\":\"2016-12-10T14:12:05+00:00\",\"dateModified\":\"2025-10-28T07:53:08+00:00\",\"description\":\"Pris p\u00e5 camping, hytter og overnatting i forbindelse med ferie, sommerferie, fotturer, aktiv ferie, bryllup i Hardanger, med fjell, fjord og utsikt.\",\"breadcrumb\":{\"@id\":\"https:\\\/\\\/lofthuscamping.com\\\/priser\\\/#breadcrumb\"},\"inLanguage\":\"en-US\",\"potentialAction\":[{\"@type\":\"ReadAction\",\"target\":[\"https:\\\/\\\/lofthuscamping.com\\\/priser\\\/\"]}]},{\"@type\":\"BreadcrumbList\",\"@id\":\"https:\\\/\\\/lofthuscamping.com\\\/priser\\\/#breadcrumb\",\"itemListElement\":[{\"@type\":\"ListItem\",\"position\":1,\"name\":\"Home\",\"item\":\"https:\\\/\\\/lofthuscamping.com\\\/\"},{\"@type\":\"ListItem\",\"position\":2,\"name\":\"Priser\"}]},{\"@type\":\"WebSite\",\"@id\":\"https:\\\/\\\/lofthuscamping.com\\\/#website\",\"url\":\"https:\\\/\\\/lofthuscamping.com\\\/\",\"name\":\"LOFTHUS CAMPING AS\",\"description\":\"[:nb]Hytter og campingplass for telt, bobil, campingvogn[:en]My WordPress Blog[:]\",\"publisher\":{\"@id\":\"https:\\\/\\\/lofthuscamping.com\\\/#organization\"},\"potentialAction\":[{\"@type\":\"SearchAction\",\"target\":{\"@type\":\"EntryPoint\",\"urlTemplate\":\"https:\\\/\\\/lofthuscamping.com\\\/?s={search_term_string}\"},\"query-input\":{\"@type\":\"PropertyValueSpecification\",\"valueRequired\":true,\"valueName\":\"search_term_string\"}}],\"inLanguage\":\"en-US\"},{\"@type\":\"Organization\",\"@id\":\"https:\\\/\\\/lofthuscamping.com\\\/#organization\",\"name\":\"LOFTHUS CAMPING AS\",\"url\":\"https:\\\/\\\/lofthuscamping.com\\\/\",\"logo\":{\"@type\":\"ImageObject\",\"inLanguage\":\"en-US\",\"@id\":\"https:\\\/\\\/lofthuscamping.com\\\/#\\\/schema\\\/logo\\\/image\\\/\",\"url\":\"https:\\\/\\\/lofthuscamping.com\\\/wp-content\\\/uploads\\\/2016\\\/12\\\/logo.png\",\"contentUrl\":\"https:\\\/\\\/lofthuscamping.com\\\/wp-content\\\/uploads\\\/2016\\\/12\\\/logo.png\",\"width\":246,\"height\":177,\"caption\":\"LOFTHUS CAMPING AS\"},\"image\":{\"@id\":\"https:\\\/\\\/lofthuscamping.com\\\/#\\\/schema\\\/logo\\\/image\\\/\"}}]}<\/script>\n<!-- \/ Yoast SEO plugin. -->","yoast_head_json":{"title":"Priser p\u00e5 campingplass, overnatting, hytter, feriehytter, familiehytter og rom","description":"Pris p\u00e5 camping, hytter og overnatting i forbindelse med ferie, sommerferie, fotturer, aktiv ferie, bryllup i Hardanger, med fjell, fjord og utsikt.","robots":{"index":"index","follow":"follow","max-snippet":"max-snippet:-1","max-image-preview":"max-image-preview:large","max-video-preview":"max-video-preview:-1"},"canonical":"https:\/\/lofthuscamping.com\/en\/priser\/","og_locale":"en_US","og_type":"article","og_title":"Priser p\u00e5 campingplass, overnatting, hytter, feriehytter, familiehytter og rom","og_description":"Pris p\u00e5 camping, hytter og overnatting i forbindelse med ferie, sommerferie, fotturer, aktiv ferie, bryllup i Hardanger, med fjell, fjord og utsikt.","og_url":"https:\/\/lofthuscamping.com\/en\/priser\/","og_site_name":"LOFTHUS CAMPING AS","article_modified_time":"2025-10-28T07:53:08+00:00","twitter_card":"summary_large_image","twitter_misc":{"Est. reading time":"1 minute"},"schema":{"@context":"https:\/\/schema.org","@graph":[{"@type":"WebPage","@id":"https:\/\/lofthuscamping.com\/priser\/","url":"https:\/\/lofthuscamping.com\/priser\/","name":"Priser p\u00e5 campingplass, overnatting, hytter, feriehytter, familiehytter og rom","isPartOf":{"@id":"https:\/\/lofthuscamping.com\/#website"},"datePublished":"2016-12-10T14:12:05+00:00","dateModified":"2025-10-28T07:53:08+00:00","description":"Pris p\u00e5 camping, hytter og overnatting i forbindelse med ferie, sommerferie, fotturer, aktiv ferie, bryllup i Hardanger, med fjell, fjord og utsikt.","breadcrumb":{"@id":"https:\/\/lofthuscamping.com\/priser\/#breadcrumb"},"inLanguage":"en-US","potentialAction":[{"@type":"ReadAction","target":["https:\/\/lofthuscamping.com\/priser\/"]}]},{"@type":"BreadcrumbList","@id":"https:\/\/lofthuscamping.com\/priser\/#breadcrumb","itemListElement":[{"@type":"ListItem","position":1,"name":"Home","item":"https:\/\/lofthuscamping.com\/"},{"@type":"ListItem","position":2,"name":"Priser"}]},{"@type":"WebSite","@id":"https:\/\/lofthuscamping.com\/#website","url":"https:\/\/lofthuscamping.com\/","name":"LOFTHUS CAMPING AS","description":"[:nb]Hytter og campingplass for telt, bobil, campingvogn[:en]My WordPress Blog[:]","publisher":{"@id":"https:\/\/lofthuscamping.com\/#organization"},"potentialAction":[{"@type":"SearchAction","target":{"@type":"EntryPoint","urlTemplate":"https:\/\/lofthuscamping.com\/?s={search_term_string}"},"query-input":{"@type":"PropertyValueSpecification","valueRequired":true,"valueName":"search_term_string"}}],"inLanguage":"en-US"},{"@type":"Organization","@id":"https:\/\/lofthuscamping.com\/#organization","name":"LOFTHUS CAMPING AS","url":"https:\/\/lofthuscamping.com\/","logo":{"@type":"ImageObject","inLanguage":"en-US","@id":"https:\/\/lofthuscamping.com\/#\/schema\/logo\/image\/","url":"https:\/\/lofthuscamping.com\/wp-content\/uploads\/2016\/12\/logo.png","contentUrl":"https:\/\/lofthuscamping.com\/wp-content\/uploads\/2016\/12\/logo.png","width":246,"height":177,"caption":"LOFTHUS CAMPING AS"},"image":{"@id":"https:\/\/lofthuscamping.com\/#\/schema\/logo\/image\/"}}]}},"_links":{"self":[{"href":"https:\/\/lofthuscamping.com\/en\/wp-json\/wp\/v2\/pages\/82","targetHints":{"allow":["GET"]}}],"collection":[{"href":"https:\/\/lofthuscamping.com\/en\/wp-json\/wp\/v2\/pages"}],"about":[{"href":"https:\/\/lofthuscamping.com\/en\/wp-json\/wp\/v2\/types\/page"}],"author":[{"embeddable":true,"href":"https:\/\/lofthuscamping.com\/en\/wp-json\/wp\/v2\/users\/1"}],"replies":[{"embeddable":true,"href":"https:\/\/lofthuscamping.com\/en\/wp-json\/wp\/v2\/comments?post=82"}],"version-history":[{"count":5,"href":"https:\/\/lofthuscamping.com\/en\/wp-json\/wp\/v2\/pages\/82\/revisions"}],"predecessor-version":[{"id":1623,"href":"https:\/\/lofthuscamping.com\/en\/wp-json\/wp\/v2\/pages\/82\/revisions\/1623"}],"wp:attachment":[{"href":"https:\/\/lofthuscamping.com\/en\/wp-json\/wp\/v2\/media?parent=82"}],"curies":[{"name":"wp","href":"https:\/\/api.w.org\/{rel}","templated":true}]}}