{"id":202,"date":"2016-12-13T09:19:42","date_gmt":"2016-12-13T09:19:42","guid":{"rendered":"https:\/\/lofthuscamping.com\/?page_id=202"},"modified":"2021-10-10T09:13:42","modified_gmt":"2021-10-10T09:13:42","slug":"om-oss","status":"publish","type":"page","link":"https:\/\/lofthuscamping.com\/en\/om-oss\/","title":{"rendered":"About us"},"content":{"rendered":"<div data-elementor-type=\"wp-page\" data-elementor-id=\"202\" class=\"elementor elementor-202\" data-elementor-post-type=\"page\">\n\t\t\t\t\t\t<section class=\"elementor-section elementor-top-section elementor-element elementor-element-1bc05588 elementor-section-boxed elementor-section-height-default elementor-section-height-default\" data-id=\"1bc05588\" data-element_type=\"section\" data-e-type=\"section\">\n\t\t\t\t\t\t<div class=\"elementor-container elementor-column-gap-default\">\n\t\t\t\t\t<div class=\"elementor-column elementor-col-100 elementor-top-column elementor-element elementor-element-28f96198\" data-id=\"28f96198\" data-element_type=\"column\" data-e-type=\"column\">\n\t\t\t<div class=\"elementor-widget-wrap elementor-element-populated\">\n\t\t\t\t\t\t<div class=\"elementor-element elementor-element-986db3c elementor-widget elementor-widget-text-editor\" data-id=\"986db3c\" data-element_type=\"widget\" data-e-type=\"widget\" data-widget_type=\"text-editor.default\">\n\t\t\t\t<div class=\"elementor-widget-container\">\n\t\t\t\t\t\t\t\t\t<p>Lofthus Camping is located in the middle of the most lush orchards in the heart of Hardanger with views of the fjord, mountains and fjords. With us you can really enjoy your holiday in quiet and scenic surroundings. We are two generations which are proud to welcome our guests.<\/p><p>Lofthus Camping offers 19 cabins of various types. We have built 9 large family cabins. All our other cabins have been refurbished. We also have room for about 70 stands for caravan \/ car and tents.<\/p><ul><li>Mark paths from the campsite to the famous Munketrappene, Dronningstien, Fruktstien and Kr\u00e5kestien to Stuaset and up to Hardangervidda National Park.<\/li><li>Free wifi<\/li><li>For our guests we offer free \u201cpick-your-own fruit\u201d in the season: cherries and pears.<\/li><li>300 meters to our own bathing area.<\/li><li>Modern sanitary facilities.<\/li><li>Child bed possible<\/li><li>Open from 1st of May to 30th of September<\/li><li>High season \u2013 and cherry season \u2013 from 20th of June to 20th of August<\/li><li>We have defibrillator available.<\/li><\/ul>\t\t\t\t\t\t\t\t<\/div>\n\t\t\t\t<\/div>\n\t\t\t\t\t<\/div>\n\t\t<\/div>\n\t\t\t\t\t<\/div>\n\t\t<\/section>\n\t\t\t\t<\/div>","protected":false},"excerpt":{"rendered":"<p>Lofthus Camping ligger midt i de frodigste frukthagene i hjertet av Hardanger med utsyn over fjord, fjell og fonn. Hos oss kan du virkelig nyte ferien i rolige og naturskj\u00f8nne omgivelser. Vi er stolte over at to generasjoner kan \u00f8nske v\u00e5re gjester velkommen. Lofthus Camping tilbyr 19 hytter av ulike typer. Vi har bygget 9 [&hellip;]<\/p>\n","protected":false},"author":1,"featured_media":0,"parent":0,"menu_order":0,"comment_status":"closed","ping_status":"closed","template":"","meta":{"footnotes":""},"class_list":["post-202","page","type-page","status-publish","hentry"],"yoast_head":"<!-- This site is optimized with the Yoast SEO plugin v27.3 - https:\/\/yoast.com\/product\/yoast-seo-wordpress\/ -->\n<title>Lofthus camping - Bestill, kj\u00f8p og reserver overnatting i Hardanger<\/title>\n<meta name=\"description\" content=\"Hytter og campingplass med n\u00e6rhet til Trolltunga, Folgefonna, Dronningstien, Munketrappene, Ullensvang, Mikkelparken, Oksen, Nosi, Hardangersider og Cider.\" \/>\n<meta name=\"robots\" content=\"index, follow, max-snippet:-1, max-image-preview:large, max-video-preview:-1\" \/>\n<link rel=\"canonical\" href=\"https:\/\/lofthuscamping.com\/en\/om-oss\/\" \/>\n<meta property=\"og:locale\" content=\"en_US\" \/>\n<meta property=\"og:type\" content=\"article\" \/>\n<meta property=\"og:title\" content=\"Lofthus camping - Bestill, kj\u00f8p og reserver overnatting i Hardanger\" \/>\n<meta property=\"og:description\" content=\"Hytter og campingplass med n\u00e6rhet til Trolltunga, Folgefonna, Dronningstien, Munketrappene, Ullensvang, Mikkelparken, Oksen, Nosi, Hardangersider og Cider.\" \/>\n<meta property=\"og:url\" content=\"https:\/\/lofthuscamping.com\/en\/om-oss\/\" \/>\n<meta property=\"og:site_name\" content=\"LOFTHUS CAMPING AS\" \/>\n<meta property=\"article:modified_time\" content=\"2021-10-10T09:13:42+00:00\" \/>\n<meta name=\"twitter:card\" content=\"summary_large_image\" \/>\n<meta name=\"twitter:label1\" content=\"Est. reading time\" \/>\n\t<meta name=\"twitter:data1\" content=\"1 minute\" \/>\n<script type=\"application\/ld+json\" class=\"yoast-schema-graph\">{\"@context\":\"https:\\\/\\\/schema.org\",\"@graph\":[{\"@type\":\"WebPage\",\"@id\":\"https:\\\/\\\/lofthuscamping.com\\\/om-oss\\\/\",\"url\":\"https:\\\/\\\/lofthuscamping.com\\\/om-oss\\\/\",\"name\":\"Lofthus camping - Bestill, kj\u00f8p og reserver overnatting i Hardanger\",\"isPartOf\":{\"@id\":\"https:\\\/\\\/lofthuscamping.com\\\/#website\"},\"datePublished\":\"2016-12-13T09:19:42+00:00\",\"dateModified\":\"2021-10-10T09:13:42+00:00\",\"description\":\"Hytter og campingplass med n\u00e6rhet til Trolltunga, Folgefonna, Dronningstien, Munketrappene, Ullensvang, Mikkelparken, Oksen, Nosi, Hardangersider og Cider.\",\"breadcrumb\":{\"@id\":\"https:\\\/\\\/lofthuscamping.com\\\/om-oss\\\/#breadcrumb\"},\"inLanguage\":\"en-US\",\"potentialAction\":[{\"@type\":\"ReadAction\",\"target\":[\"https:\\\/\\\/lofthuscamping.com\\\/om-oss\\\/\"]}]},{\"@type\":\"BreadcrumbList\",\"@id\":\"https:\\\/\\\/lofthuscamping.com\\\/om-oss\\\/#breadcrumb\",\"itemListElement\":[{\"@type\":\"ListItem\",\"position\":1,\"name\":\"Home\",\"item\":\"https:\\\/\\\/lofthuscamping.com\\\/\"},{\"@type\":\"ListItem\",\"position\":2,\"name\":\"Om oss\"}]},{\"@type\":\"WebSite\",\"@id\":\"https:\\\/\\\/lofthuscamping.com\\\/#website\",\"url\":\"https:\\\/\\\/lofthuscamping.com\\\/\",\"name\":\"LOFTHUS CAMPING AS\",\"description\":\"[:nb]Hytter og campingplass for telt, bobil, campingvogn[:en]My WordPress Blog[:]\",\"publisher\":{\"@id\":\"https:\\\/\\\/lofthuscamping.com\\\/#organization\"},\"potentialAction\":[{\"@type\":\"SearchAction\",\"target\":{\"@type\":\"EntryPoint\",\"urlTemplate\":\"https:\\\/\\\/lofthuscamping.com\\\/?s={search_term_string}\"},\"query-input\":{\"@type\":\"PropertyValueSpecification\",\"valueRequired\":true,\"valueName\":\"search_term_string\"}}],\"inLanguage\":\"en-US\"},{\"@type\":\"Organization\",\"@id\":\"https:\\\/\\\/lofthuscamping.com\\\/#organization\",\"name\":\"LOFTHUS CAMPING AS\",\"url\":\"https:\\\/\\\/lofthuscamping.com\\\/\",\"logo\":{\"@type\":\"ImageObject\",\"inLanguage\":\"en-US\",\"@id\":\"https:\\\/\\\/lofthuscamping.com\\\/#\\\/schema\\\/logo\\\/image\\\/\",\"url\":\"https:\\\/\\\/lofthuscamping.com\\\/wp-content\\\/uploads\\\/2016\\\/12\\\/logo.png\",\"contentUrl\":\"https:\\\/\\\/lofthuscamping.com\\\/wp-content\\\/uploads\\\/2016\\\/12\\\/logo.png\",\"width\":246,\"height\":177,\"caption\":\"LOFTHUS CAMPING AS\"},\"image\":{\"@id\":\"https:\\\/\\\/lofthuscamping.com\\\/#\\\/schema\\\/logo\\\/image\\\/\"}}]}<\/script>\n<!-- \/ Yoast SEO plugin. -->","yoast_head_json":{"title":"Lofthus camping - Bestill, kj\u00f8p og reserver overnatting i Hardanger","description":"Hytter og campingplass med n\u00e6rhet til Trolltunga, Folgefonna, Dronningstien, Munketrappene, Ullensvang, Mikkelparken, Oksen, Nosi, Hardangersider og Cider.","robots":{"index":"index","follow":"follow","max-snippet":"max-snippet:-1","max-image-preview":"max-image-preview:large","max-video-preview":"max-video-preview:-1"},"canonical":"https:\/\/lofthuscamping.com\/en\/om-oss\/","og_locale":"en_US","og_type":"article","og_title":"Lofthus camping - Bestill, kj\u00f8p og reserver overnatting i Hardanger","og_description":"Hytter og campingplass med n\u00e6rhet til Trolltunga, Folgefonna, Dronningstien, Munketrappene, Ullensvang, Mikkelparken, Oksen, Nosi, Hardangersider og Cider.","og_url":"https:\/\/lofthuscamping.com\/en\/om-oss\/","og_site_name":"LOFTHUS CAMPING AS","article_modified_time":"2021-10-10T09:13:42+00:00","twitter_card":"summary_large_image","twitter_misc":{"Est. reading time":"1 minute"},"schema":{"@context":"https:\/\/schema.org","@graph":[{"@type":"WebPage","@id":"https:\/\/lofthuscamping.com\/om-oss\/","url":"https:\/\/lofthuscamping.com\/om-oss\/","name":"Lofthus camping - Bestill, kj\u00f8p og reserver overnatting i Hardanger","isPartOf":{"@id":"https:\/\/lofthuscamping.com\/#website"},"datePublished":"2016-12-13T09:19:42+00:00","dateModified":"2021-10-10T09:13:42+00:00","description":"Hytter og campingplass med n\u00e6rhet til Trolltunga, Folgefonna, Dronningstien, Munketrappene, Ullensvang, Mikkelparken, Oksen, Nosi, Hardangersider og Cider.","breadcrumb":{"@id":"https:\/\/lofthuscamping.com\/om-oss\/#breadcrumb"},"inLanguage":"en-US","potentialAction":[{"@type":"ReadAction","target":["https:\/\/lofthuscamping.com\/om-oss\/"]}]},{"@type":"BreadcrumbList","@id":"https:\/\/lofthuscamping.com\/om-oss\/#breadcrumb","itemListElement":[{"@type":"ListItem","position":1,"name":"Home","item":"https:\/\/lofthuscamping.com\/"},{"@type":"ListItem","position":2,"name":"Om oss"}]},{"@type":"WebSite","@id":"https:\/\/lofthuscamping.com\/#website","url":"https:\/\/lofthuscamping.com\/","name":"LOFTHUS CAMPING AS","description":"[:nb]Hytter og campingplass for telt, bobil, campingvogn[:en]My WordPress Blog[:]","publisher":{"@id":"https:\/\/lofthuscamping.com\/#organization"},"potentialAction":[{"@type":"SearchAction","target":{"@type":"EntryPoint","urlTemplate":"https:\/\/lofthuscamping.com\/?s={search_term_string}"},"query-input":{"@type":"PropertyValueSpecification","valueRequired":true,"valueName":"search_term_string"}}],"inLanguage":"en-US"},{"@type":"Organization","@id":"https:\/\/lofthuscamping.com\/#organization","name":"LOFTHUS CAMPING AS","url":"https:\/\/lofthuscamping.com\/","logo":{"@type":"ImageObject","inLanguage":"en-US","@id":"https:\/\/lofthuscamping.com\/#\/schema\/logo\/image\/","url":"https:\/\/lofthuscamping.com\/wp-content\/uploads\/2016\/12\/logo.png","contentUrl":"https:\/\/lofthuscamping.com\/wp-content\/uploads\/2016\/12\/logo.png","width":246,"height":177,"caption":"LOFTHUS CAMPING AS"},"image":{"@id":"https:\/\/lofthuscamping.com\/#\/schema\/logo\/image\/"}}]}},"_links":{"self":[{"href":"https:\/\/lofthuscamping.com\/en\/wp-json\/wp\/v2\/pages\/202","targetHints":{"allow":["GET"]}}],"collection":[{"href":"https:\/\/lofthuscamping.com\/en\/wp-json\/wp\/v2\/pages"}],"about":[{"href":"https:\/\/lofthuscamping.com\/en\/wp-json\/wp\/v2\/types\/page"}],"author":[{"embeddable":true,"href":"https:\/\/lofthuscamping.com\/en\/wp-json\/wp\/v2\/users\/1"}],"replies":[{"embeddable":true,"href":"https:\/\/lofthuscamping.com\/en\/wp-json\/wp\/v2\/comments?post=202"}],"version-history":[{"count":5,"href":"https:\/\/lofthuscamping.com\/en\/wp-json\/wp\/v2\/pages\/202\/revisions"}],"predecessor-version":[{"id":1403,"href":"https:\/\/lofthuscamping.com\/en\/wp-json\/wp\/v2\/pages\/202\/revisions\/1403"}],"wp:attachment":[{"href":"https:\/\/lofthuscamping.com\/en\/wp-json\/wp\/v2\/media?parent=202"}],"curies":[{"name":"wp","href":"https:\/\/api.w.org\/{rel}","templated":true}]}}