{"id":1471,"date":"2023-05-31T10:53:40","date_gmt":"2023-05-31T10:53:40","guid":{"rendered":"https:\/\/lofthuscamping.com\/?page_id=1471"},"modified":"2023-05-31T11:01:15","modified_gmt":"2023-05-31T11:01:15","slug":"omradekart","status":"publish","type":"page","link":"https:\/\/lofthuscamping.com\/en\/omradekart\/","title":{"rendered":"Map"},"content":{"rendered":"<div data-elementor-type=\"wp-page\" data-elementor-id=\"1471\" class=\"elementor elementor-1471\" data-elementor-post-type=\"page\">\n\t\t\t\t\t\t<section class=\"elementor-section elementor-top-section elementor-element elementor-element-8de522d elementor-section-boxed elementor-section-height-default elementor-section-height-default\" data-id=\"8de522d\" data-element_type=\"section\" data-e-type=\"section\">\n\t\t\t\t\t\t<div class=\"elementor-container elementor-column-gap-default\">\n\t\t\t\t\t<div class=\"elementor-column elementor-col-100 elementor-top-column elementor-element elementor-element-d049510\" data-id=\"d049510\" data-element_type=\"column\" data-e-type=\"column\">\n\t\t\t<div class=\"elementor-widget-wrap elementor-element-populated\">\n\t\t\t\t\t\t<div class=\"elementor-element elementor-element-9b0a93b elementor-widget elementor-widget-image\" data-id=\"9b0a93b\" data-element_type=\"widget\" data-e-type=\"widget\" data-widget_type=\"image.default\">\n\t\t\t\t<div class=\"elementor-widget-container\">\n\t\t\t\t\t\t\t\t\t\t\t\t\t\t\t<img fetchpriority=\"high\" decoding=\"async\" width=\"1830\" height=\"2560\" src=\"https:\/\/lofthuscamping.com\/wp-content\/uploads\/2023\/05\/lofthus2023_2-scaled.jpg\" class=\"attachment-full size-full wp-image-1467\" alt=\"\" srcset=\"https:\/\/lofthuscamping.com\/wp-content\/uploads\/2023\/05\/lofthus2023_2-scaled.jpg 1830w, https:\/\/lofthuscamping.com\/wp-content\/uploads\/2023\/05\/lofthus2023_2-214x300.jpg 214w, https:\/\/lofthuscamping.com\/wp-content\/uploads\/2023\/05\/lofthus2023_2-732x1024.jpg 732w, https:\/\/lofthuscamping.com\/wp-content\/uploads\/2023\/05\/lofthus2023_2-768x1074.jpg 768w, https:\/\/lofthuscamping.com\/wp-content\/uploads\/2023\/05\/lofthus2023_2-1098x1536.jpg 1098w, https:\/\/lofthuscamping.com\/wp-content\/uploads\/2023\/05\/lofthus2023_2-1464x2048.jpg 1464w, https:\/\/lofthuscamping.com\/wp-content\/uploads\/2023\/05\/lofthus2023_2-9x12.jpg 9w\" sizes=\"(max-width: 1830px) 100vw, 1830px\" \/>\t\t\t\t\t\t\t\t\t\t\t\t\t\t\t<\/div>\n\t\t\t\t<\/div>\n\t\t\t\t\t<\/div>\n\t\t<\/div>\n\t\t\t\t\t<\/div>\n\t\t<\/section>\n\t\t\t\t<section class=\"elementor-section elementor-top-section elementor-element elementor-element-7ce7947 elementor-section-boxed elementor-section-height-default elementor-section-height-default\" data-id=\"7ce7947\" data-element_type=\"section\" data-e-type=\"section\">\n\t\t\t\t\t\t<div class=\"elementor-container elementor-column-gap-default\">\n\t\t\t\t\t<div class=\"elementor-column elementor-col-100 elementor-top-column elementor-element elementor-element-9202efb\" data-id=\"9202efb\" data-element_type=\"column\" data-e-type=\"column\">\n\t\t\t<div class=\"elementor-widget-wrap elementor-element-populated\">\n\t\t\t\t\t\t<div class=\"elementor-element elementor-element-0204c68 elementor-align-center elementor-widget elementor-widget-button\" data-id=\"0204c68\" data-element_type=\"widget\" data-e-type=\"widget\" data-widget_type=\"button.default\">\n\t\t\t\t<div class=\"elementor-widget-container\">\n\t\t\t\t\t\t\t\t\t<div class=\"elementor-button-wrapper\">\n\t\t\t\t\t<a class=\"elementor-button elementor-button-link elementor-size-xl\" href=\"https:\/\/lofthuscamping.com\/wp-content\/uploads\/2023\/05\/lofthus250523-1.pdf\" target=\"_blank\">\n\t\t\t\t\t\t<span class=\"elementor-button-content-wrapper\">\n\t\t\t\t\t\t\t\t\t<span class=\"elementor-button-text\">Klikk her for \u00e5 laste ned omr\u00e5dekartet<\/span>\n\t\t\t\t\t<\/span>\n\t\t\t\t\t<\/a>\n\t\t\t\t<\/div>\n\t\t\t\t\t\t\t\t<\/div>\n\t\t\t\t<\/div>\n\t\t\t\t\t<\/div>\n\t\t<\/div>\n\t\t\t\t\t<\/div>\n\t\t<\/section>\n\t\t\t\t<\/div>","protected":false},"excerpt":{"rendered":"<p>Klikk her for \u00e5 laste ned omr\u00e5dekartet<\/p>","protected":false},"author":1,"featured_media":0,"parent":0,"menu_order":0,"comment_status":"closed","ping_status":"closed","template":"","meta":{"footnotes":""},"class_list":["post-1471","page","type-page","status-publish","hentry"],"yoast_head":"<!-- This site is optimized with the Yoast SEO plugin v27.3 - https:\/\/yoast.com\/product\/yoast-seo-wordpress\/ -->\n<title>Omr\u00e5dekart - LOFTHUS CAMPING AS<\/title>\n<meta name=\"robots\" content=\"index, follow, max-snippet:-1, max-image-preview:large, max-video-preview:-1\" \/>\n<link rel=\"canonical\" href=\"https:\/\/lofthuscamping.com\/en\/omradekart\/\" \/>\n<meta property=\"og:locale\" content=\"en_US\" \/>\n<meta property=\"og:type\" content=\"article\" \/>\n<meta property=\"og:title\" content=\"Omr\u00e5dekart - LOFTHUS CAMPING AS\" \/>\n<meta property=\"og:description\" content=\"Klikk her for \u00e5 laste ned omr\u00e5dekartet\" \/>\n<meta property=\"og:url\" content=\"https:\/\/lofthuscamping.com\/en\/omradekart\/\" \/>\n<meta property=\"og:site_name\" content=\"LOFTHUS CAMPING AS\" \/>\n<meta property=\"article:modified_time\" content=\"2023-05-31T11:01:15+00:00\" \/>\n<meta property=\"og:image\" content=\"https:\/\/lofthuscamping.com\/wp-content\/uploads\/2023\/05\/lofthus2023_2-scaled.jpg\" \/>\n<meta name=\"twitter:card\" content=\"summary_large_image\" \/>\n<meta name=\"twitter:label1\" content=\"Est. reading time\" \/>\n\t<meta name=\"twitter:data1\" content=\"1 minute\" \/>\n<script type=\"application\/ld+json\" class=\"yoast-schema-graph\">{\"@context\":\"https:\\\/\\\/schema.org\",\"@graph\":[{\"@type\":\"WebPage\",\"@id\":\"https:\\\/\\\/lofthuscamping.com\\\/omradekart\\\/\",\"url\":\"https:\\\/\\\/lofthuscamping.com\\\/omradekart\\\/\",\"name\":\"Omr\u00e5dekart - LOFTHUS CAMPING AS\",\"isPartOf\":{\"@id\":\"https:\\\/\\\/lofthuscamping.com\\\/#website\"},\"primaryImageOfPage\":{\"@id\":\"https:\\\/\\\/lofthuscamping.com\\\/omradekart\\\/#primaryimage\"},\"image\":{\"@id\":\"https:\\\/\\\/lofthuscamping.com\\\/omradekart\\\/#primaryimage\"},\"thumbnailUrl\":\"https:\\\/\\\/lofthuscamping.com\\\/wp-content\\\/uploads\\\/2023\\\/05\\\/lofthus2023_2-scaled.jpg\",\"datePublished\":\"2023-05-31T10:53:40+00:00\",\"dateModified\":\"2023-05-31T11:01:15+00:00\",\"breadcrumb\":{\"@id\":\"https:\\\/\\\/lofthuscamping.com\\\/omradekart\\\/#breadcrumb\"},\"inLanguage\":\"en-US\",\"potentialAction\":[{\"@type\":\"ReadAction\",\"target\":[\"https:\\\/\\\/lofthuscamping.com\\\/omradekart\\\/\"]}]},{\"@type\":\"ImageObject\",\"inLanguage\":\"en-US\",\"@id\":\"https:\\\/\\\/lofthuscamping.com\\\/omradekart\\\/#primaryimage\",\"url\":\"https:\\\/\\\/lofthuscamping.com\\\/wp-content\\\/uploads\\\/2023\\\/05\\\/lofthus2023_2-scaled.jpg\",\"contentUrl\":\"https:\\\/\\\/lofthuscamping.com\\\/wp-content\\\/uploads\\\/2023\\\/05\\\/lofthus2023_2-scaled.jpg\"},{\"@type\":\"BreadcrumbList\",\"@id\":\"https:\\\/\\\/lofthuscamping.com\\\/omradekart\\\/#breadcrumb\",\"itemListElement\":[{\"@type\":\"ListItem\",\"position\":1,\"name\":\"Home\",\"item\":\"https:\\\/\\\/lofthuscamping.com\\\/\"},{\"@type\":\"ListItem\",\"position\":2,\"name\":\"Omr\u00e5dekart\"}]},{\"@type\":\"WebSite\",\"@id\":\"https:\\\/\\\/lofthuscamping.com\\\/#website\",\"url\":\"https:\\\/\\\/lofthuscamping.com\\\/\",\"name\":\"LOFTHUS CAMPING AS\",\"description\":\"[:nb]Hytter og campingplass for telt, bobil, campingvogn[:en]My WordPress Blog[:]\",\"publisher\":{\"@id\":\"https:\\\/\\\/lofthuscamping.com\\\/#organization\"},\"potentialAction\":[{\"@type\":\"SearchAction\",\"target\":{\"@type\":\"EntryPoint\",\"urlTemplate\":\"https:\\\/\\\/lofthuscamping.com\\\/?s={search_term_string}\"},\"query-input\":{\"@type\":\"PropertyValueSpecification\",\"valueRequired\":true,\"valueName\":\"search_term_string\"}}],\"inLanguage\":\"en-US\"},{\"@type\":\"Organization\",\"@id\":\"https:\\\/\\\/lofthuscamping.com\\\/#organization\",\"name\":\"LOFTHUS CAMPING AS\",\"url\":\"https:\\\/\\\/lofthuscamping.com\\\/\",\"logo\":{\"@type\":\"ImageObject\",\"inLanguage\":\"en-US\",\"@id\":\"https:\\\/\\\/lofthuscamping.com\\\/#\\\/schema\\\/logo\\\/image\\\/\",\"url\":\"https:\\\/\\\/lofthuscamping.com\\\/wp-content\\\/uploads\\\/2016\\\/12\\\/logo.png\",\"contentUrl\":\"https:\\\/\\\/lofthuscamping.com\\\/wp-content\\\/uploads\\\/2016\\\/12\\\/logo.png\",\"width\":246,\"height\":177,\"caption\":\"LOFTHUS CAMPING AS\"},\"image\":{\"@id\":\"https:\\\/\\\/lofthuscamping.com\\\/#\\\/schema\\\/logo\\\/image\\\/\"}}]}<\/script>\n<!-- \/ Yoast SEO plugin. -->","yoast_head_json":{"title":"Omr\u00e5dekart - LOFTHUS CAMPING AS","robots":{"index":"index","follow":"follow","max-snippet":"max-snippet:-1","max-image-preview":"max-image-preview:large","max-video-preview":"max-video-preview:-1"},"canonical":"https:\/\/lofthuscamping.com\/en\/omradekart\/","og_locale":"en_US","og_type":"article","og_title":"Omr\u00e5dekart - LOFTHUS CAMPING AS","og_description":"Klikk her for \u00e5 laste ned omr\u00e5dekartet","og_url":"https:\/\/lofthuscamping.com\/en\/omradekart\/","og_site_name":"LOFTHUS CAMPING AS","article_modified_time":"2023-05-31T11:01:15+00:00","og_image":[{"url":"https:\/\/lofthuscamping.com\/wp-content\/uploads\/2023\/05\/lofthus2023_2-scaled.jpg","type":"","width":"","height":""}],"twitter_card":"summary_large_image","twitter_misc":{"Est. reading time":"1 minute"},"schema":{"@context":"https:\/\/schema.org","@graph":[{"@type":"WebPage","@id":"https:\/\/lofthuscamping.com\/omradekart\/","url":"https:\/\/lofthuscamping.com\/omradekart\/","name":"Omr\u00e5dekart - LOFTHUS CAMPING AS","isPartOf":{"@id":"https:\/\/lofthuscamping.com\/#website"},"primaryImageOfPage":{"@id":"https:\/\/lofthuscamping.com\/omradekart\/#primaryimage"},"image":{"@id":"https:\/\/lofthuscamping.com\/omradekart\/#primaryimage"},"thumbnailUrl":"https:\/\/lofthuscamping.com\/wp-content\/uploads\/2023\/05\/lofthus2023_2-scaled.jpg","datePublished":"2023-05-31T10:53:40+00:00","dateModified":"2023-05-31T11:01:15+00:00","breadcrumb":{"@id":"https:\/\/lofthuscamping.com\/omradekart\/#breadcrumb"},"inLanguage":"en-US","potentialAction":[{"@type":"ReadAction","target":["https:\/\/lofthuscamping.com\/omradekart\/"]}]},{"@type":"ImageObject","inLanguage":"en-US","@id":"https:\/\/lofthuscamping.com\/omradekart\/#primaryimage","url":"https:\/\/lofthuscamping.com\/wp-content\/uploads\/2023\/05\/lofthus2023_2-scaled.jpg","contentUrl":"https:\/\/lofthuscamping.com\/wp-content\/uploads\/2023\/05\/lofthus2023_2-scaled.jpg"},{"@type":"BreadcrumbList","@id":"https:\/\/lofthuscamping.com\/omradekart\/#breadcrumb","itemListElement":[{"@type":"ListItem","position":1,"name":"Home","item":"https:\/\/lofthuscamping.com\/"},{"@type":"ListItem","position":2,"name":"Omr\u00e5dekart"}]},{"@type":"WebSite","@id":"https:\/\/lofthuscamping.com\/#website","url":"https:\/\/lofthuscamping.com\/","name":"LOFTHUS CAMPING AS","description":"[:nb]Hytter og campingplass for telt, bobil, campingvogn[:en]My WordPress Blog[:]","publisher":{"@id":"https:\/\/lofthuscamping.com\/#organization"},"potentialAction":[{"@type":"SearchAction","target":{"@type":"EntryPoint","urlTemplate":"https:\/\/lofthuscamping.com\/?s={search_term_string}"},"query-input":{"@type":"PropertyValueSpecification","valueRequired":true,"valueName":"search_term_string"}}],"inLanguage":"en-US"},{"@type":"Organization","@id":"https:\/\/lofthuscamping.com\/#organization","name":"LOFTHUS CAMPING AS","url":"https:\/\/lofthuscamping.com\/","logo":{"@type":"ImageObject","inLanguage":"en-US","@id":"https:\/\/lofthuscamping.com\/#\/schema\/logo\/image\/","url":"https:\/\/lofthuscamping.com\/wp-content\/uploads\/2016\/12\/logo.png","contentUrl":"https:\/\/lofthuscamping.com\/wp-content\/uploads\/2016\/12\/logo.png","width":246,"height":177,"caption":"LOFTHUS CAMPING AS"},"image":{"@id":"https:\/\/lofthuscamping.com\/#\/schema\/logo\/image\/"}}]}},"_links":{"self":[{"href":"https:\/\/lofthuscamping.com\/en\/wp-json\/wp\/v2\/pages\/1471","targetHints":{"allow":["GET"]}}],"collection":[{"href":"https:\/\/lofthuscamping.com\/en\/wp-json\/wp\/v2\/pages"}],"about":[{"href":"https:\/\/lofthuscamping.com\/en\/wp-json\/wp\/v2\/types\/page"}],"author":[{"embeddable":true,"href":"https:\/\/lofthuscamping.com\/en\/wp-json\/wp\/v2\/users\/1"}],"replies":[{"embeddable":true,"href":"https:\/\/lofthuscamping.com\/en\/wp-json\/wp\/v2\/comments?post=1471"}],"version-history":[{"count":5,"href":"https:\/\/lofthuscamping.com\/en\/wp-json\/wp\/v2\/pages\/1471\/revisions"}],"predecessor-version":[{"id":1490,"href":"https:\/\/lofthuscamping.com\/en\/wp-json\/wp\/v2\/pages\/1471\/revisions\/1490"}],"wp:attachment":[{"href":"https:\/\/lofthuscamping.com\/en\/wp-json\/wp\/v2\/media?parent=1471"}],"curies":[{"name":"wp","href":"https:\/\/api.w.org\/{rel}","templated":true}]}}