{"id":1196,"date":"2020-04-20T10:33:43","date_gmt":"2020-04-20T10:33:43","guid":{"rendered":"https:\/\/lofthuscamping.com\/?page_id=1196"},"modified":"2020-06-16T05:58:37","modified_gmt":"2020-06-16T05:58:37","slug":"feriehytter","status":"publish","type":"page","link":"https:\/\/lofthuscamping.com\/en\/feriehytter\/","title":{"rendered":"Bungalows"},"content":{"rendered":"<div data-elementor-type=\"wp-page\" data-elementor-id=\"1196\" class=\"elementor elementor-1196\" data-elementor-post-type=\"page\">\n\t\t\t\t\t\t<section class=\"elementor-section elementor-top-section elementor-element elementor-element-f11a24f elementor-section-boxed elementor-section-height-default elementor-section-height-default\" data-id=\"f11a24f\" data-element_type=\"section\" data-e-type=\"section\">\n\t\t\t\t\t\t<div class=\"elementor-container elementor-column-gap-default\">\n\t\t\t\t\t<div class=\"elementor-column elementor-col-50 elementor-top-column elementor-element elementor-element-93b98e5\" data-id=\"93b98e5\" data-element_type=\"column\" data-e-type=\"column\">\n\t\t\t<div class=\"elementor-widget-wrap elementor-element-populated\">\n\t\t\t\t\t\t<div class=\"elementor-element elementor-element-9049a1d elementor-arrows-position-inside elementor-pagination-position-outside elementor-widget elementor-widget-image-carousel\" data-id=\"9049a1d\" data-element_type=\"widget\" data-e-type=\"widget\" data-settings=\"{&quot;slides_to_show&quot;:&quot;1&quot;,&quot;navigation&quot;:&quot;both&quot;,&quot;autoplay&quot;:&quot;yes&quot;,&quot;pause_on_hover&quot;:&quot;yes&quot;,&quot;pause_on_interaction&quot;:&quot;yes&quot;,&quot;autoplay_speed&quot;:5000,&quot;infinite&quot;:&quot;yes&quot;,&quot;effect&quot;:&quot;slide&quot;,&quot;speed&quot;:500}\" data-widget_type=\"image-carousel.default\">\n\t\t\t\t<div class=\"elementor-widget-container\">\n\t\t\t\t\t\t\t<div class=\"elementor-image-carousel-wrapper swiper\" role=\"region\" aria-roledescription=\"carousel\" aria-label=\"Bildekarusell\" dir=\"ltr\">\n\t\t\t<div class=\"elementor-image-carousel swiper-wrapper\" aria-live=\"off\">\n\t\t\t\t\t\t\t\t<div class=\"swiper-slide\" role=\"group\" aria-roledescription=\"slide\" aria-label=\"1 av 22\"><figure class=\"swiper-slide-inner\"><img decoding=\"async\" class=\"swiper-slide-image\" src=\"https:\/\/lofthuscamping.com\/wp-content\/uploads\/elementor\/thumbs\/hytter-bungalows-01-nr9sgv05xblbwpqb71rxi7ztn5rrs9mamb7dvysd8g.jpg\" alt=\"Lofthus Camping\" \/><\/figure><\/div><div class=\"swiper-slide\" role=\"group\" aria-roledescription=\"slide\" aria-label=\"2 av 22\"><figure class=\"swiper-slide-inner\"><img decoding=\"async\" class=\"swiper-slide-image\" src=\"https:\/\/lofthuscamping.com\/wp-content\/uploads\/elementor\/thumbs\/hytter-bungalows-02-nr9sgpd4sbdlz1yi3zc639f22ujki2zwljah0b0q9s.jpg\" alt=\"Lofthus Camping\" \/><\/figure><\/div><div class=\"swiper-slide\" role=\"group\" aria-roledescription=\"slide\" aria-label=\"3 av 22\"><figure class=\"swiper-slide-inner\"><img decoding=\"async\" class=\"swiper-slide-image\" src=\"https:\/\/lofthuscamping.com\/wp-content\/uploads\/elementor\/thumbs\/HunnalvatnMedia_v-JonHunn\u00e5lvatnT\u00f8n-08832-scaled-or37s0kfduvn22s574g8r6i44agjnpjovduutlcf0g.jpg\" alt=\"HunnalvatnMedia_v-JonHunn\u00e5lvatnT\u00f8n-08832\" \/><\/figure><\/div><div class=\"swiper-slide\" role=\"group\" aria-roledescription=\"slide\" aria-label=\"4 av 22\"><figure class=\"swiper-slide-inner\"><img decoding=\"async\" class=\"swiper-slide-image\" src=\"https:\/\/lofthuscamping.com\/wp-content\/uploads\/elementor\/thumbs\/HunnalvatnMedia_v-JonHunn\u00e5lvatnT\u00f8n-08835-scaled-or37sawnh19slsd4iqx50lw6nj1l0doqkt173mx340.jpg\" alt=\"HunnalvatnMedia_v-JonHunn\u00e5lvatnT\u00f8n-08835\" \/><\/figure><\/div><div class=\"swiper-slide\" role=\"group\" aria-roledescription=\"slide\" aria-label=\"5 av 22\"><figure class=\"swiper-slide-inner\"><img decoding=\"async\" class=\"swiper-slide-image\" src=\"https:\/\/lofthuscamping.com\/wp-content\/uploads\/elementor\/thumbs\/HunnalvatnMedia_v-JonHunn\u00e5lvatnT\u00f8n-08839-scaled-or37srtqw1wyerojry8f9hmhcgq6uxjwn4rxqm8000.jpg\" alt=\"HunnalvatnMedia_v-JonHunn\u00e5lvatnT\u00f8n-08839\" \/><\/figure><\/div><div class=\"swiper-slide\" role=\"group\" aria-roledescription=\"slide\" aria-label=\"6 av 22\"><figure class=\"swiper-slide-inner\"><img decoding=\"async\" class=\"swiper-slide-image\" src=\"https:\/\/lofthuscamping.com\/wp-content\/uploads\/elementor\/thumbs\/HunnalvatnMedia_v-JonHunn\u00e5lvatnT\u00f8n-08841-scaled-or37t4zhjqeyxb5fn3x78eaxnuxbup05cxwqghohkw.jpg\" alt=\"HunnalvatnMedia_v-JonHunn\u00e5lvatnT\u00f8n-08841\" \/><\/figure><\/div><div class=\"swiper-slide\" role=\"group\" aria-roledescription=\"slide\" aria-label=\"7 av 22\"><figure class=\"swiper-slide-inner\"><img decoding=\"async\" class=\"swiper-slide-image\" src=\"https:\/\/lofthuscamping.com\/wp-content\/uploads\/elementor\/thumbs\/HunnalvatnMedia_v-JonHunn\u00e5lvatnT\u00f8n-08842-scaled-or37tedvg2ru5ers47zgxbxjlpmzzo1gq8fl99ajuo.jpg\" alt=\"HunnalvatnMedia_v-JonHunn\u00e5lvatnT\u00f8n-08842\" \/><\/figure><\/div><div class=\"swiper-slide\" role=\"group\" aria-roledescription=\"slide\" aria-label=\"8 av 22\"><figure class=\"swiper-slide-inner\"><img decoding=\"async\" class=\"swiper-slide-image\" src=\"https:\/\/lofthuscamping.com\/wp-content\/uploads\/elementor\/thumbs\/HunnalvatnMedia_v-JonHunn\u00e5lvatnT\u00f8n-08846-scaled-or37tpnxq37a0qbeacuzr932qc3ek1a8rs9f0ktts0.jpg\" alt=\"HunnalvatnMedia_v-JonHunn\u00e5lvatnT\u00f8n-08846\" \/><\/figure><\/div><div class=\"swiper-slide\" role=\"group\" aria-roledescription=\"slide\" aria-label=\"9 av 22\"><figure class=\"swiper-slide-inner\"><img decoding=\"async\" class=\"swiper-slide-image\" src=\"https:\/\/lofthuscamping.com\/wp-content\/uploads\/elementor\/thumbs\/HunnalvatnMedia_v-JonHunn\u00e5lvatnT\u00f8n-08849-scaled-or37u0y003mpw1v0ghqil68luyjt4ej0tc38rwd3pc.jpg\" alt=\"HunnalvatnMedia_v-JonHunn\u00e5lvatnT\u00f8n-08849\" \/><\/figure><\/div><div class=\"swiper-slide\" role=\"group\" aria-roledescription=\"slide\" aria-label=\"10 av 22\"><figure class=\"swiper-slide-inner\"><img decoding=\"async\" class=\"swiper-slide-image\" src=\"https:\/\/lofthuscamping.com\/wp-content\/uploads\/elementor\/thumbs\/HunnalvatnMedia_v-JonHunn\u00e5lvatnT\u00f8n-08860-scaled-or37ud5wgy3g2zd9h50nzl5lkyvkwgvj70kk0huzgg.jpg\" alt=\"HunnalvatnMedia_v-JonHunn\u00e5lvatnT\u00f8n-08860\" \/><\/figure><\/div><div class=\"swiper-slide\" role=\"group\" aria-roledescription=\"slide\" aria-label=\"11 av 22\"><figure class=\"swiper-slide-inner\"><img decoding=\"async\" class=\"swiper-slide-image\" src=\"https:\/\/lofthuscamping.com\/wp-content\/uploads\/elementor\/thumbs\/HunnalvatnMedia_v-JonHunn\u00e5lvatnT\u00f8n-08862-scaled-or37umkadagbb2zly92xois7itl91fwukb3et9h1q8.jpg\" alt=\"HunnalvatnMedia_v-JonHunn\u00e5lvatnT\u00f8n-08862\" \/><\/figure><\/div><div class=\"swiper-slide\" role=\"group\" aria-roledescription=\"slide\" aria-label=\"12 av 22\"><figure class=\"swiper-slide-inner\"><img decoding=\"async\" class=\"swiper-slide-image\" src=\"https:\/\/lofthuscamping.com\/wp-content\/uploads\/elementor\/thumbs\/HunnalvatnMedia_v-JonHunn\u00e5lvatnT\u00f8n-08866-scaled-or37uys6u4x1i0huywd32xp78tx0ti9cxzkq1uyxhc.jpg\" alt=\"HunnalvatnMedia_v-JonHunn\u00e5lvatnT\u00f8n-08866\" \/><\/figure><\/div><div class=\"swiper-slide\" role=\"group\" aria-roledescription=\"slide\" aria-label=\"13 av 22\"><figure class=\"swiper-slide-inner\"><img decoding=\"async\" class=\"swiper-slide-image\" src=\"https:\/\/lofthuscamping.com\/wp-content\/uploads\/elementor\/thumbs\/HunnalvatnMedia_v-JonHunn\u00e5lvatnT\u00f8n-08876-scaled-or37va2945chdc1h518lwuuqdgdfdvi4zjejt6i7eo.jpg\" alt=\"HunnalvatnMedia_v-JonHunn\u00e5lvatnT\u00f8n-08876\" \/><\/figure><\/div><div class=\"swiper-slide\" role=\"group\" aria-roledescription=\"slide\" aria-label=\"14 av 22\"><figure class=\"swiper-slide-inner\"><img decoding=\"async\" class=\"swiper-slide-image\" src=\"https:\/\/lofthuscamping.com\/wp-content\/uploads\/elementor\/thumbs\/HunnalvatnMedia_v-JonHunn\u00e5lvatnT\u00f8n-08885-scaled-or37vkeh7bqmx1mggnpi6a8swoygqjn6oykw382vi8.jpg\" alt=\"HunnalvatnMedia_v-JonHunn\u00e5lvatnT\u00f8n-08885\" \/><\/figure><\/div><div class=\"swiper-slide\" role=\"group\" aria-roledescription=\"slide\" aria-label=\"15 av 22\"><figure class=\"swiper-slide-inner\"><img decoding=\"async\" class=\"swiper-slide-image\" src=\"https:\/\/lofthuscamping.com\/wp-content\/uploads\/elementor\/thumbs\/HunnalvatnMedia_v-JonHunn\u00e5lvatnT\u00f8n-08889-scaled-or37vxk7v08nfl3cbtea56x9835lqb3ferpot3jd34.jpg\" alt=\"HunnalvatnMedia_v-JonHunn\u00e5lvatnT\u00f8n-08889\" \/><\/figure><\/div><div class=\"swiper-slide\" role=\"group\" aria-roledescription=\"slide\" aria-label=\"16 av 22\"><figure class=\"swiper-slide-inner\"><img decoding=\"async\" class=\"swiper-slide-image\" src=\"https:\/\/lofthuscamping.com\/wp-content\/uploads\/elementor\/thumbs\/HunnalvatnMedia_v-JonHunn\u00e5lvatnT\u00f8n-08891-scaled-or37wbnspiry9qiv1hhoold64v83xrnegphz08yghs.jpg\" alt=\"HunnalvatnMedia_v-JonHunn\u00e5lvatnT\u00f8n-08891\" \/><\/figure><\/div><div class=\"swiper-slide\" role=\"group\" aria-roledescription=\"slide\" aria-label=\"17 av 22\"><figure class=\"swiper-slide-inner\"><img decoding=\"async\" class=\"swiper-slide-image\" src=\"https:\/\/lofthuscamping.com\/wp-content\/uploads\/elementor\/thumbs\/HunnalvatnMedia_v-JonHunn\u00e5lvatnT\u00f8n-08894-scaled-or37wnvp6d8ogo1424ru30a5uvjvptzwudza8ugc8w.jpg\" alt=\"HunnalvatnMedia_v-JonHunn\u00e5lvatnT\u00f8n-08894\" \/><\/figure><\/div><div class=\"swiper-slide\" role=\"group\" aria-roledescription=\"slide\" aria-label=\"18 av 22\"><figure class=\"swiper-slide-inner\"><img decoding=\"async\" class=\"swiper-slide-image\" src=\"https:\/\/lofthuscamping.com\/wp-content\/uploads\/elementor\/thumbs\/HunnalvatnMedia_v-JonHunn\u00e5lvatnT\u00f8n-08912-scaled-or37wz5rgdo4bzkq89ncwxfozi0aa78ovxt405zm68.jpg\" alt=\"HunnalvatnMedia_v-JonHunn\u00e5lvatnT\u00f8n-08912\" \/><\/figure><\/div><div class=\"swiper-slide\" role=\"group\" aria-roledescription=\"slide\" aria-label=\"19 av 22\"><figure class=\"swiper-slide-inner\"><img decoding=\"async\" class=\"swiper-slide-image\" src=\"https:\/\/lofthuscamping.com\/wp-content\/uploads\/elementor\/thumbs\/HunnalvatnMedia_v-JonHunn\u00e5lvatnT\u00f8n-08940-scaled-or37xbdnx84uix2z8wxibccopic229l79maf8rhhxc.jpg\" alt=\"HunnalvatnMedia_v-JonHunn\u00e5lvatnT\u00f8n-08940\" \/><\/figure><\/div><div class=\"swiper-slide\" role=\"group\" aria-roledescription=\"slide\" aria-label=\"20 av 22\"><figure class=\"swiper-slide-inner\"><img decoding=\"async\" class=\"swiper-slide-image\" src=\"https:\/\/lofthuscamping.com\/wp-content\/uploads\/elementor\/thumbs\/HunnalvatnMedia_v-JonHunn\u00e5lvatnT\u00f8n-09092-scaled-or37xt8lj2tanid1cmnf4pufztw14ik3o2ond0r0n4.jpg\" alt=\"HunnalvatnMedia_v-JonHunn\u00e5lvatnT\u00f8n-09092\" \/><\/figure><\/div><div class=\"swiper-slide\" role=\"group\" aria-roledescription=\"slide\" aria-label=\"21 av 22\"><figure class=\"swiper-slide-inner\"><img decoding=\"async\" class=\"swiper-slide-image\" src=\"https:\/\/lofthuscamping.com\/wp-content\/uploads\/elementor\/thumbs\/HunnalvatnMedia_v-JonHunn\u00e5lvatnT\u00f8n-09093-scaled-or37y3ktm97g77y0o94be58ij2h2h6p5dhuzn2boqo.jpg\" alt=\"HunnalvatnMedia_v-JonHunn\u00e5lvatnT\u00f8n-09093\" \/><\/figure><\/div><div class=\"swiper-slide\" role=\"group\" aria-roledescription=\"slide\" aria-label=\"22 av 22\"><figure class=\"swiper-slide-inner\"><img decoding=\"async\" class=\"swiper-slide-image\" src=\"https:\/\/lofthuscamping.com\/wp-content\/uploads\/elementor\/thumbs\/HunnalvatnMedia_v-JonHunn\u00e5lvatnT\u00f8n-09095-scaled-or37yeuvw9mw2jhmudzu82e1noxh1jxxf1oteduyo0.jpg\" alt=\"HunnalvatnMedia_v-JonHunn\u00e5lvatnT\u00f8n-09095\" \/><\/figure><\/div>\t\t\t<\/div>\n\t\t\t\t\t\t\t\t\t\t\t\t<div class=\"elementor-swiper-button elementor-swiper-button-prev\" role=\"button\" tabindex=\"0\">\n\t\t\t\t\t\t<i aria-hidden=\"true\" class=\"eicon-chevron-left\"><\/i>\t\t\t\t\t<\/div>\n\t\t\t\t\t<div class=\"elementor-swiper-button elementor-swiper-button-next\" role=\"button\" tabindex=\"0\">\n\t\t\t\t\t\t<i aria-hidden=\"true\" class=\"eicon-chevron-right\"><\/i>\t\t\t\t\t<\/div>\n\t\t\t\t\n\t\t\t\t\t\t\t\t\t<div class=\"swiper-pagination\"><\/div>\n\t\t\t\t\t\t\t\t\t<\/div>\n\t\t\t\t\t\t<\/div>\n\t\t\t\t<\/div>\n\t\t\t\t\t<\/div>\n\t\t<\/div>\n\t\t\t\t<div class=\"elementor-column elementor-col-50 elementor-top-column elementor-element elementor-element-6670520\" data-id=\"6670520\" data-element_type=\"column\" data-e-type=\"column\">\n\t\t\t<div class=\"elementor-widget-wrap elementor-element-populated\">\n\t\t\t\t\t\t<div class=\"elementor-element elementor-element-bc040e9 elementor-widget elementor-widget-text-editor\" data-id=\"bc040e9\" data-element_type=\"widget\" data-e-type=\"widget\" data-widget_type=\"text-editor.default\">\n\t\t\t\t<div class=\"elementor-widget-container\">\n\t\t\t\t\t\t\t\t\t<p><strong><span style=\"color: #000000;\">Main room and bedroom. Large terrace with garden furniture. Bedroom with 4 beds. Fully equipped kitchenette.Shower and toilet. Bring your own or rent bed linen. The bungalows are nicely placed, overlooking the fjord. We do not allow dogs in the bungalows.<\/span><\/strong><\/p>\t\t\t\t\t\t\t\t<\/div>\n\t\t\t\t<\/div>\n\t\t\t\t\t<\/div>\n\t\t<\/div>\n\t\t\t\t\t<\/div>\n\t\t<\/section>\n\t\t\t\t<\/div>","protected":false},"excerpt":{"rendered":"<p>Previous Next Allrom og soverom. Stor terrasse med hagem\u00f8bler. Soverom med 4 soveplasser. Kj\u00f8kkenkrok med alt utstyr. Dusj og toalett. Senget\u00f8y kan leies. Hyttene ligger fint til, med god utsikt. Dessverre tillater vi ikke hund i feriehyttene.<\/p>","protected":false},"author":1,"featured_media":0,"parent":0,"menu_order":0,"comment_status":"closed","ping_status":"closed","template":"","meta":{"footnotes":""},"class_list":["post-1196","page","type-page","status-publish","hentry"],"yoast_head":"<!-- This site is optimized with the Yoast SEO plugin v27.5 - https:\/\/yoast.com\/product\/yoast-seo-wordpress\/ -->\n<title>Feriehytter - LOFTHUS CAMPING AS<\/title>\n<meta name=\"robots\" content=\"index, follow, max-snippet:-1, max-image-preview:large, max-video-preview:-1\" \/>\n<link rel=\"canonical\" href=\"https:\/\/lofthuscamping.com\/en\/feriehytter\/\" \/>\n<meta property=\"og:locale\" content=\"en_US\" \/>\n<meta property=\"og:type\" content=\"article\" \/>\n<meta property=\"og:title\" content=\"Feriehytter - LOFTHUS CAMPING AS\" \/>\n<meta property=\"og:description\" content=\"Previous Next Allrom og soverom. Stor terrasse med hagem\u00f8bler. Soverom med 4 soveplasser. Kj\u00f8kkenkrok med alt utstyr. Dusj og toalett. Senget\u00f8y kan leies. Hyttene ligger fint til, med god utsikt. Dessverre tillater vi ikke hund i feriehyttene.\" \/>\n<meta property=\"og:url\" content=\"https:\/\/lofthuscamping.com\/en\/feriehytter\/\" \/>\n<meta property=\"og:site_name\" content=\"LOFTHUS CAMPING AS\" \/>\n<meta property=\"article:modified_time\" content=\"2020-06-16T05:58:37+00:00\" \/>\n<meta property=\"og:image\" content=\"https:\/\/lofthuscamping.com\/wp-content\/uploads\/elementor\/thumbs\/hytter-bungalows-01-nr9sgv05xblbwpqb71rxi7ztn5rrs9mamb7dvysd8g.jpg\" \/>\n<meta name=\"twitter:card\" content=\"summary_large_image\" \/>\n<script type=\"application\/ld+json\" class=\"yoast-schema-graph\">{\"@context\":\"https:\\\/\\\/schema.org\",\"@graph\":[{\"@type\":\"WebPage\",\"@id\":\"https:\\\/\\\/lofthuscamping.com\\\/en\\\/feriehytter\\\/\",\"url\":\"https:\\\/\\\/lofthuscamping.com\\\/en\\\/feriehytter\\\/\",\"name\":\"Feriehytter - LOFTHUS CAMPING AS\",\"isPartOf\":{\"@id\":\"https:\\\/\\\/lofthuscamping.com\\\/#website\"},\"primaryImageOfPage\":{\"@id\":\"https:\\\/\\\/lofthuscamping.com\\\/en\\\/feriehytter\\\/#primaryimage\"},\"image\":{\"@id\":\"https:\\\/\\\/lofthuscamping.com\\\/en\\\/feriehytter\\\/#primaryimage\"},\"thumbnailUrl\":\"https:\\\/\\\/lofthuscamping.com\\\/wp-content\\\/uploads\\\/elementor\\\/thumbs\\\/hytter-bungalows-01-nr9sgv05xblbwpqb71rxi7ztn5rrs9mamb7dvysd8g.jpg\",\"datePublished\":\"2020-04-20T10:33:43+00:00\",\"dateModified\":\"2020-06-16T05:58:37+00:00\",\"breadcrumb\":{\"@id\":\"https:\\\/\\\/lofthuscamping.com\\\/en\\\/feriehytter\\\/#breadcrumb\"},\"inLanguage\":\"en-US\",\"potentialAction\":[{\"@type\":\"ReadAction\",\"target\":[\"https:\\\/\\\/lofthuscamping.com\\\/en\\\/feriehytter\\\/\"]}]},{\"@type\":\"ImageObject\",\"inLanguage\":\"en-US\",\"@id\":\"https:\\\/\\\/lofthuscamping.com\\\/en\\\/feriehytter\\\/#primaryimage\",\"url\":\"https:\\\/\\\/lofthuscamping.com\\\/wp-content\\\/uploads\\\/elementor\\\/thumbs\\\/hytter-bungalows-01-nr9sgv05xblbwpqb71rxi7ztn5rrs9mamb7dvysd8g.jpg\",\"contentUrl\":\"https:\\\/\\\/lofthuscamping.com\\\/wp-content\\\/uploads\\\/elementor\\\/thumbs\\\/hytter-bungalows-01-nr9sgv05xblbwpqb71rxi7ztn5rrs9mamb7dvysd8g.jpg\"},{\"@type\":\"BreadcrumbList\",\"@id\":\"https:\\\/\\\/lofthuscamping.com\\\/en\\\/feriehytter\\\/#breadcrumb\",\"itemListElement\":[{\"@type\":\"ListItem\",\"position\":1,\"name\":\"Home\",\"item\":\"https:\\\/\\\/lofthuscamping.com\\\/\"},{\"@type\":\"ListItem\",\"position\":2,\"name\":\"Feriehytter\"}]},{\"@type\":\"WebSite\",\"@id\":\"https:\\\/\\\/lofthuscamping.com\\\/#website\",\"url\":\"https:\\\/\\\/lofthuscamping.com\\\/\",\"name\":\"LOFTHUS CAMPING AS\",\"description\":\"[:nb]Hytter og campingplass for telt, bobil, campingvogn[:en]My WordPress Blog[:]\",\"publisher\":{\"@id\":\"https:\\\/\\\/lofthuscamping.com\\\/#organization\"},\"potentialAction\":[{\"@type\":\"SearchAction\",\"target\":{\"@type\":\"EntryPoint\",\"urlTemplate\":\"https:\\\/\\\/lofthuscamping.com\\\/?s={search_term_string}\"},\"query-input\":{\"@type\":\"PropertyValueSpecification\",\"valueRequired\":true,\"valueName\":\"search_term_string\"}}],\"inLanguage\":\"en-US\"},{\"@type\":\"Organization\",\"@id\":\"https:\\\/\\\/lofthuscamping.com\\\/#organization\",\"name\":\"LOFTHUS CAMPING AS\",\"url\":\"https:\\\/\\\/lofthuscamping.com\\\/\",\"logo\":{\"@type\":\"ImageObject\",\"inLanguage\":\"en-US\",\"@id\":\"https:\\\/\\\/lofthuscamping.com\\\/#\\\/schema\\\/logo\\\/image\\\/\",\"url\":\"https:\\\/\\\/lofthuscamping.com\\\/wp-content\\\/uploads\\\/2016\\\/12\\\/logo.png\",\"contentUrl\":\"https:\\\/\\\/lofthuscamping.com\\\/wp-content\\\/uploads\\\/2016\\\/12\\\/logo.png\",\"width\":246,\"height\":177,\"caption\":\"LOFTHUS CAMPING AS\"},\"image\":{\"@id\":\"https:\\\/\\\/lofthuscamping.com\\\/#\\\/schema\\\/logo\\\/image\\\/\"}}]}<\/script>\n<!-- \/ Yoast SEO plugin. -->","yoast_head_json":{"title":"Feriehytter - LOFTHUS CAMPING AS","robots":{"index":"index","follow":"follow","max-snippet":"max-snippet:-1","max-image-preview":"max-image-preview:large","max-video-preview":"max-video-preview:-1"},"canonical":"https:\/\/lofthuscamping.com\/en\/feriehytter\/","og_locale":"en_US","og_type":"article","og_title":"Feriehytter - LOFTHUS CAMPING AS","og_description":"Previous Next Allrom og soverom. Stor terrasse med hagem\u00f8bler. Soverom med 4 soveplasser. Kj\u00f8kkenkrok med alt utstyr. Dusj og toalett. Senget\u00f8y kan leies. Hyttene ligger fint til, med god utsikt. Dessverre tillater vi ikke hund i feriehyttene.","og_url":"https:\/\/lofthuscamping.com\/en\/feriehytter\/","og_site_name":"LOFTHUS CAMPING AS","article_modified_time":"2020-06-16T05:58:37+00:00","og_image":[{"url":"https:\/\/lofthuscamping.com\/wp-content\/uploads\/elementor\/thumbs\/hytter-bungalows-01-nr9sgv05xblbwpqb71rxi7ztn5rrs9mamb7dvysd8g.jpg","type":"","width":"","height":""}],"twitter_card":"summary_large_image","schema":{"@context":"https:\/\/schema.org","@graph":[{"@type":"WebPage","@id":"https:\/\/lofthuscamping.com\/en\/feriehytter\/","url":"https:\/\/lofthuscamping.com\/en\/feriehytter\/","name":"Feriehytter - LOFTHUS CAMPING AS","isPartOf":{"@id":"https:\/\/lofthuscamping.com\/#website"},"primaryImageOfPage":{"@id":"https:\/\/lofthuscamping.com\/en\/feriehytter\/#primaryimage"},"image":{"@id":"https:\/\/lofthuscamping.com\/en\/feriehytter\/#primaryimage"},"thumbnailUrl":"https:\/\/lofthuscamping.com\/wp-content\/uploads\/elementor\/thumbs\/hytter-bungalows-01-nr9sgv05xblbwpqb71rxi7ztn5rrs9mamb7dvysd8g.jpg","datePublished":"2020-04-20T10:33:43+00:00","dateModified":"2020-06-16T05:58:37+00:00","breadcrumb":{"@id":"https:\/\/lofthuscamping.com\/en\/feriehytter\/#breadcrumb"},"inLanguage":"en-US","potentialAction":[{"@type":"ReadAction","target":["https:\/\/lofthuscamping.com\/en\/feriehytter\/"]}]},{"@type":"ImageObject","inLanguage":"en-US","@id":"https:\/\/lofthuscamping.com\/en\/feriehytter\/#primaryimage","url":"https:\/\/lofthuscamping.com\/wp-content\/uploads\/elementor\/thumbs\/hytter-bungalows-01-nr9sgv05xblbwpqb71rxi7ztn5rrs9mamb7dvysd8g.jpg","contentUrl":"https:\/\/lofthuscamping.com\/wp-content\/uploads\/elementor\/thumbs\/hytter-bungalows-01-nr9sgv05xblbwpqb71rxi7ztn5rrs9mamb7dvysd8g.jpg"},{"@type":"BreadcrumbList","@id":"https:\/\/lofthuscamping.com\/en\/feriehytter\/#breadcrumb","itemListElement":[{"@type":"ListItem","position":1,"name":"Home","item":"https:\/\/lofthuscamping.com\/"},{"@type":"ListItem","position":2,"name":"Feriehytter"}]},{"@type":"WebSite","@id":"https:\/\/lofthuscamping.com\/#website","url":"https:\/\/lofthuscamping.com\/","name":"LOFTHUS CAMPING AS","description":"[:nb]Hytter og campingplass for telt, bobil, campingvogn[:en]My WordPress Blog[:]","publisher":{"@id":"https:\/\/lofthuscamping.com\/#organization"},"potentialAction":[{"@type":"SearchAction","target":{"@type":"EntryPoint","urlTemplate":"https:\/\/lofthuscamping.com\/?s={search_term_string}"},"query-input":{"@type":"PropertyValueSpecification","valueRequired":true,"valueName":"search_term_string"}}],"inLanguage":"en-US"},{"@type":"Organization","@id":"https:\/\/lofthuscamping.com\/#organization","name":"LOFTHUS CAMPING AS","url":"https:\/\/lofthuscamping.com\/","logo":{"@type":"ImageObject","inLanguage":"en-US","@id":"https:\/\/lofthuscamping.com\/#\/schema\/logo\/image\/","url":"https:\/\/lofthuscamping.com\/wp-content\/uploads\/2016\/12\/logo.png","contentUrl":"https:\/\/lofthuscamping.com\/wp-content\/uploads\/2016\/12\/logo.png","width":246,"height":177,"caption":"LOFTHUS CAMPING AS"},"image":{"@id":"https:\/\/lofthuscamping.com\/#\/schema\/logo\/image\/"}}]}},"_links":{"self":[{"href":"https:\/\/lofthuscamping.com\/en\/wp-json\/wp\/v2\/pages\/1196","targetHints":{"allow":["GET"]}}],"collection":[{"href":"https:\/\/lofthuscamping.com\/en\/wp-json\/wp\/v2\/pages"}],"about":[{"href":"https:\/\/lofthuscamping.com\/en\/wp-json\/wp\/v2\/types\/page"}],"author":[{"embeddable":true,"href":"https:\/\/lofthuscamping.com\/en\/wp-json\/wp\/v2\/users\/1"}],"replies":[{"embeddable":true,"href":"https:\/\/lofthuscamping.com\/en\/wp-json\/wp\/v2\/comments?post=1196"}],"version-history":[{"count":4,"href":"https:\/\/lofthuscamping.com\/en\/wp-json\/wp\/v2\/pages\/1196\/revisions"}],"predecessor-version":[{"id":1236,"href":"https:\/\/lofthuscamping.com\/en\/wp-json\/wp\/v2\/pages\/1196\/revisions\/1236"}],"wp:attachment":[{"href":"https:\/\/lofthuscamping.com\/en\/wp-json\/wp\/v2\/media?parent=1196"}],"curies":[{"name":"wp","href":"https:\/\/api.w.org\/{rel}","templated":true}]}}